{"id":1141,"date":"2023-08-21T18:34:42","date_gmt":"2023-08-21T21:34:42","guid":{"rendered":"https:\/\/www.deltasuspension.com.ar\/delta\/?page_id=1141"},"modified":"2023-08-21T19:11:41","modified_gmt":"2023-08-21T22:11:41","slug":"modalidad-de-pago","status":"publish","type":"page","link":"https:\/\/www.deltasuspension.com.ar\/delta\/modalidad-de-pago\/","title":{"rendered":"Modalidad de Pago"},"content":{"rendered":"\t\t<div data-elementor-type=\"wp-page\" data-elementor-id=\"1141\" class=\"elementor elementor-1141\" data-elementor-settings=\"{&quot;ha_cmc_init_switcher&quot;:&quot;no&quot;}\" data-elementor-post-type=\"page\">\n\t\t\t\t\t\t<section class=\"elementor-section elementor-top-section elementor-element elementor-element-c1ce97f elementor-section-content-middle elementor-section-stretched elementor-section-boxed elementor-section-height-default elementor-section-height-default\" data-id=\"c1ce97f\" data-element_type=\"section\" data-e-type=\"section\" data-settings=\"{&quot;stretch_section&quot;:&quot;section-stretched&quot;,&quot;background_background&quot;:&quot;classic&quot;,&quot;_ha_eqh_enable&quot;:false}\">\n\t\t\t\t\t\t<div class=\"elementor-container elementor-column-gap-default\">\n\t\t\t\t\t<div class=\"elementor-column elementor-col-100 elementor-top-column elementor-element elementor-element-d4ce36e\" data-id=\"d4ce36e\" data-element_type=\"column\" data-e-type=\"column\">\n\t\t\t<div class=\"elementor-widget-wrap elementor-element-populated\">\n\t\t\t\t\t\t<div class=\"elementor-element elementor-element-c524bb9 elementor-widget elementor-widget-heading\" data-id=\"c524bb9\" data-element_type=\"widget\" data-e-type=\"widget\" data-widget_type=\"heading.default\">\n\t\t\t\t<div class=\"elementor-widget-container\">\n\t\t\t\t\t<h1 class=\"elementor-heading-title elementor-size-default\">Modalidad de Pago<\/h1>\t\t\t\t<\/div>\n\t\t\t\t<\/div>\n\t\t\t\t\t<\/div>\n\t\t<\/div>\n\t\t\t\t\t<\/div>\n\t\t<\/section>\n\t\t\t\t<section class=\"elementor-section elementor-top-section elementor-element elementor-element-3c96d8d8 elementor-section-boxed elementor-section-height-default elementor-section-height-default\" data-id=\"3c96d8d8\" data-element_type=\"section\" data-e-type=\"section\" data-settings=\"{&quot;_ha_eqh_enable&quot;:false}\">\n\t\t\t\t\t\t<div class=\"elementor-container elementor-column-gap-default\">\n\t\t\t\t\t<div class=\"elementor-column elementor-col-100 elementor-top-column elementor-element elementor-element-4bf4a0c6\" data-id=\"4bf4a0c6\" data-element_type=\"column\" data-e-type=\"column\">\n\t\t\t<div class=\"elementor-widget-wrap elementor-element-populated\">\n\t\t\t\t\t\t<section class=\"elementor-section elementor-inner-section elementor-element elementor-element-7a19bd0 elementor-section-boxed elementor-section-height-default elementor-section-height-default\" data-id=\"7a19bd0\" data-element_type=\"section\" data-e-type=\"section\" data-settings=\"{&quot;_ha_eqh_enable&quot;:false}\">\n\t\t\t\t\t\t<div class=\"elementor-container elementor-column-gap-default\">\n\t\t\t\t\t<div class=\"elementor-column elementor-col-50 elementor-inner-column elementor-element elementor-element-651d331\" data-id=\"651d331\" data-element_type=\"column\" data-e-type=\"column\">\n\t\t\t<div class=\"elementor-widget-wrap elementor-element-populated\">\n\t\t\t\t\t\t<div class=\"elementor-element elementor-element-c13a7cb elementor-widget elementor-widget-text-editor\" data-id=\"c13a7cb\" data-element_type=\"widget\" data-e-type=\"widget\" data-widget_type=\"text-editor.default\">\n\t\t\t\t<div class=\"elementor-widget-container\">\n\t\t\t\t\t\t\t\t\t<p><span style=\"font-weight: bold; font-size: 16px; font-style: normal;\"> Mercado Pago\u00a0<\/span><span style=\"font-size: 16px; font-style: normal; font-weight: 400;\">(todas las tarjetas de Cr\u00e9dito y D\u00e9bito)<\/span><\/p>\n<p><span style=\"font-size: 16px;\">&#8211; <\/span><b style=\"font-style: inherit;\">Transferencia Bancaria<\/b><span style=\"font-size: 16px;\"> (solicitar CBU via whatsapp \u00f3 mail)<\/span><\/p>\n<p>&#8211; <strong>Tarjetas de Credito<\/strong> (de forma presencial, varias promociones)<\/p>\n<p>&#8211; <strong>Tarjetas de Credito<\/strong> (a la distancia con Link de Pago y\/o QR)<\/p>\t\t\t\t\t\t\t\t<\/div>\n\t\t\t\t<\/div>\n\t\t\t\t<div class=\"elementor-element elementor-element-b49a410 elementor-widget elementor-widget-text-editor\" data-id=\"b49a410\" data-element_type=\"widget\" data-e-type=\"widget\" data-widget_type=\"text-editor.default\">\n\t\t\t\t<div class=\"elementor-widget-container\">\n\t\t\t\t\t\t\t\t\t<h5>Las promociones en cuotas est\u00e1n sujetas al tipo de tarjeta y banco emisor.<\/h5><h5>Puede consultarnos sobre las promociones con las distintas tarjetas de credito.<\/h5><p><\/p>\t\t\t\t\t\t\t\t<\/div>\n\t\t\t\t<\/div>\n\t\t\t\t\t<\/div>\n\t\t<\/div>\n\t\t\t\t<div class=\"elementor-column elementor-col-50 elementor-inner-column elementor-element elementor-element-8c9b394\" data-id=\"8c9b394\" data-element_type=\"column\" data-e-type=\"column\">\n\t\t\t<div class=\"elementor-widget-wrap elementor-element-populated\">\n\t\t\t\t\t\t<div class=\"elementor-element elementor-element-ba3c054 elementor-widget elementor-widget-image\" data-id=\"ba3c054\" data-element_type=\"widget\" data-e-type=\"widget\" data-widget_type=\"image.default\">\n\t\t\t\t<div class=\"elementor-widget-container\">\n\t\t\t\t\t\t\t\t\t\t\t\t\t\t\t<img fetchpriority=\"high\" decoding=\"async\" width=\"397\" height=\"127\" src=\"https:\/\/www.deltasuspension.com.ar\/delta\/wp-content\/uploads\/2023\/08\/MODO.png\" class=\"attachment-large size-large wp-image-1150\" alt=\"\" srcset=\"https:\/\/www.deltasuspension.com.ar\/delta\/wp-content\/uploads\/2023\/08\/MODO.png 397w, https:\/\/www.deltasuspension.com.ar\/delta\/wp-content\/uploads\/2023\/08\/MODO-300x96.png 300w\" sizes=\"(max-width: 397px) 100vw, 397px\" \/>\t\t\t\t\t\t\t\t\t\t\t\t\t\t\t<\/div>\n\t\t\t\t<\/div>\n\t\t\t\t<div class=\"elementor-element elementor-element-99df6fd elementor-widget elementor-widget-image\" data-id=\"99df6fd\" data-element_type=\"widget\" data-e-type=\"widget\" data-widget_type=\"image.default\">\n\t\t\t\t<div class=\"elementor-widget-container\">\n\t\t\t\t\t\t\t\t\t\t\t\t\t\t\t<img decoding=\"async\" width=\"500\" height=\"219\" src=\"https:\/\/www.deltasuspension.com.ar\/delta\/wp-content\/uploads\/2023\/08\/mercadopago-checkout-latam-tecnofin-e1628182855749.png\" class=\"attachment-large size-large wp-image-1149\" alt=\"\" srcset=\"https:\/\/www.deltasuspension.com.ar\/delta\/wp-content\/uploads\/2023\/08\/mercadopago-checkout-latam-tecnofin-e1628182855749.png 500w, https:\/\/www.deltasuspension.com.ar\/delta\/wp-content\/uploads\/2023\/08\/mercadopago-checkout-latam-tecnofin-e1628182855749-300x131.png 300w\" sizes=\"(max-width: 500px) 100vw, 500px\" \/>\t\t\t\t\t\t\t\t\t\t\t\t\t\t\t<\/div>\n\t\t\t\t<\/div>\n\t\t\t\t\t<\/div>\n\t\t<\/div>\n\t\t\t\t\t<\/div>\n\t\t<\/section>\n\t\t\t\t\t<\/div>\n\t\t<\/div>\n\t\t\t\t\t<\/div>\n\t\t<\/section>\n\t\t\t\t<\/div>\n\t\t","protected":false},"excerpt":{"rendered":"<p>Modalidad de Pago Mercado Pago\u00a0(todas las tarjetas de Cr\u00e9dito y D\u00e9bito) &#8211; Transferencia Bancaria (solicitar CBU via whatsapp \u00f3 mail) &#8211; Tarjetas de Credito (de forma presencial, varias promociones) &#8211; Tarjetas de Credito (a la distancia con Link de Pago y\/o QR) Las promociones en cuotas est\u00e1n sujetas al tipo de tarjeta y banco emisor. [&hellip;]<\/p>\n","protected":false},"author":1,"featured_media":0,"parent":0,"menu_order":0,"comment_status":"closed","ping_status":"closed","template":"","meta":{"site-sidebar-layout":"default","site-content-layout":"","ast-site-content-layout":"default","site-content-style":"default","site-sidebar-style":"default","ast-global-header-display":"","ast-banner-title-visibility":"","ast-main-header-display":"","ast-hfb-above-header-display":"","ast-hfb-below-header-display":"","ast-hfb-mobile-header-display":"","site-post-title":"","ast-breadcrumbs-content":"","ast-featured-img":"","footer-sml-layout":"","ast-disable-related-posts":"","theme-transparent-header-meta":"","adv-header-id-meta":"","stick-header-meta":"","header-above-stick-meta":"","header-main-stick-meta":"","header-below-stick-meta":"","astra-migrate-meta-layouts":"default","ast-page-background-enabled":"default","ast-page-background-meta":{"desktop":{"background-color":"","background-image":"","background-repeat":"repeat","background-position":"center center","background-size":"auto","background-attachment":"scroll","background-type":"","background-media":"","overlay-type":"","overlay-color":"","overlay-opacity":"","overlay-gradient":""},"tablet":{"background-color":"","background-image":"","background-repeat":"repeat","background-position":"center center","background-size":"auto","background-attachment":"scroll","background-type":"","background-media":"","overlay-type":"","overlay-color":"","overlay-opacity":"","overlay-gradient":""},"mobile":{"background-color":"","background-image":"","background-repeat":"repeat","background-position":"center center","background-size":"auto","background-attachment":"scroll","background-type":"","background-media":"","overlay-type":"","overlay-color":"","overlay-opacity":"","overlay-gradient":""}},"ast-content-background-meta":{"desktop":{"background-color":"var(--ast-global-color-5)","background-image":"","background-repeat":"repeat","background-position":"center center","background-size":"auto","background-attachment":"scroll","background-type":"","background-media":"","overlay-type":"","overlay-color":"","overlay-opacity":"","overlay-gradient":""},"tablet":{"background-color":"var(--ast-global-color-5)","background-image":"","background-repeat":"repeat","background-position":"center center","background-size":"auto","background-attachment":"scroll","background-type":"","background-media":"","overlay-type":"","overlay-color":"","overlay-opacity":"","overlay-gradient":""},"mobile":{"background-color":"var(--ast-global-color-5)","background-image":"","background-repeat":"repeat","background-position":"center center","background-size":"auto","background-attachment":"scroll","background-type":"","background-media":"","overlay-type":"","overlay-color":"","overlay-opacity":"","overlay-gradient":""}},"footnotes":""},"class_list":["post-1141","page","type-page","status-publish","hentry"],"_links":{"self":[{"href":"https:\/\/www.deltasuspension.com.ar\/delta\/wp-json\/wp\/v2\/pages\/1141","targetHints":{"allow":["GET"]}}],"collection":[{"href":"https:\/\/www.deltasuspension.com.ar\/delta\/wp-json\/wp\/v2\/pages"}],"about":[{"href":"https:\/\/www.deltasuspension.com.ar\/delta\/wp-json\/wp\/v2\/types\/page"}],"author":[{"embeddable":true,"href":"https:\/\/www.deltasuspension.com.ar\/delta\/wp-json\/wp\/v2\/users\/1"}],"replies":[{"embeddable":true,"href":"https:\/\/www.deltasuspension.com.ar\/delta\/wp-json\/wp\/v2\/comments?post=1141"}],"version-history":[{"count":11,"href":"https:\/\/www.deltasuspension.com.ar\/delta\/wp-json\/wp\/v2\/pages\/1141\/revisions"}],"predecessor-version":[{"id":1171,"href":"https:\/\/www.deltasuspension.com.ar\/delta\/wp-json\/wp\/v2\/pages\/1141\/revisions\/1171"}],"wp:attachment":[{"href":"https:\/\/www.deltasuspension.com.ar\/delta\/wp-json\/wp\/v2\/media?parent=1141"}],"curies":[{"name":"wp","href":"https:\/\/api.w.org\/{rel}","templated":true}]}}